{"id":3,"date":"2025-09-15T00:59:28","date_gmt":"2025-09-15T00:59:28","guid":{"rendered":"https:\/\/sst.ezseo.cn\/?page_id=3"},"modified":"2026-01-23T03:13:27","modified_gmt":"2026-01-23T03:13:27","slug":"datenschutzerklarung","status":"publish","type":"page","link":"https:\/\/lindemann-regner.de\/zh\/datenschutzerklarung\/","title":{"rendered":"\u7f51\u7ad9\u9690\u79c1\u58f0\u660e"},"content":{"rendered":"<style>.kb-row-layout-id3_ab8d0c-67 > .kt-row-column-wrap{align-content:start;}:where(.kb-row-layout-id3_ab8d0c-67 > .kt-row-column-wrap) > .wp-block-kadence-column{justify-content:start;}.kb-row-layout-id3_ab8d0c-67 > .kt-row-column-wrap{column-gap:var(--global-kb-gap-md, 2rem);row-gap:var(--global-kb-gap-md, 2rem);max-width:1100px;margin-left:auto;margin-right:auto;padding-top:var(--global-kb-spacing-sm, 1.5rem);padding-bottom:var(--global-kb-spacing-sm, 1.5rem);grid-template-columns:minmax(0, 1fr);}.kb-row-layout-id3_ab8d0c-67 > .kt-row-layout-overlay{opacity:0.30;}@media all and (max-width: 1024px){.kb-row-layout-id3_ab8d0c-67 > .kt-row-column-wrap{grid-template-columns:minmax(0, 1fr);}}@media all and (max-width: 767px){.kb-row-layout-id3_ab8d0c-67 > .kt-row-column-wrap{padding-right:var(--global-kb-spacing-xs, 1rem);padding-left:var(--global-kb-spacing-xs, 1rem);grid-template-columns:minmax(0, 1fr);}}<\/style><div class=\"kb-row-layout-wrap kb-row-layout-id3_ab8d0c-67 alignnone wp-block-kadence-rowlayout\"><div class=\"kt-row-column-wrap kt-has-1-columns kt-row-layout-equal kt-tab-layout-inherit kt-mobile-layout-row kt-row-valign-top\">\n<style>.kadence-column3_a35515-5b > .kt-inside-inner-col,.kadence-column3_a35515-5b > .kt-inside-inner-col:before{border-top-left-radius:0px;border-top-right-radius:0px;border-bottom-right-radius:0px;border-bottom-left-radius:0px;}.kadence-column3_a35515-5b > .kt-inside-inner-col{column-gap:var(--global-kb-gap-sm, 1rem);}.kadence-column3_a35515-5b > .kt-inside-inner-col{flex-direction:column;}.kadence-column3_a35515-5b > .kt-inside-inner-col > .aligncenter{width:100%;}.kadence-column3_a35515-5b > .kt-inside-inner-col:before{opacity:0.3;}.kadence-column3_a35515-5b{position:relative;}@media all and (max-width: 1024px){.kadence-column3_a35515-5b > .kt-inside-inner-col{flex-direction:column;justify-content:center;}}@media all and (max-width: 767px){.kadence-column3_a35515-5b > .kt-inside-inner-col{flex-direction:column;justify-content:center;}}<\/style>\n<div class=\"wp-block-kadence-column kadence-column3_a35515-5b\"><div class=\"kt-inside-inner-col\"><style>.wp-block-kadence-advancedheading.kt-adv-heading3_d4d3fc-a8, .wp-block-kadence-advancedheading.kt-adv-heading3_d4d3fc-a8[data-kb-block=\"kb-adv-heading3_d4d3fc-a8\"]{font-style:normal;}.wp-block-kadence-advancedheading.kt-adv-heading3_d4d3fc-a8 mark.kt-highlight, .wp-block-kadence-advancedheading.kt-adv-heading3_d4d3fc-a8[data-kb-block=\"kb-adv-heading3_d4d3fc-a8\"] mark.kt-highlight{font-style:normal;color:#f76a0c;-webkit-box-decoration-break:clone;box-decoration-break:clone;padding-top:0px;padding-right:0px;padding-bottom:0px;padding-left:0px;}.wp-block-kadence-advancedheading.kt-adv-heading3_d4d3fc-a8 img.kb-inline-image, .wp-block-kadence-advancedheading.kt-adv-heading3_d4d3fc-a8[data-kb-block=\"kb-adv-heading3_d4d3fc-a8\"] img.kb-inline-image{width:150px;vertical-align:baseline;}<\/style>\n<h1 class=\"kt-adv-heading3_d4d3fc-a8 wp-block-kadence-advancedheading\" data-kb-block=\"kb-adv-heading3_d4d3fc-a8\"><strong>Datenschutzerkl\u00e4rung &amp; Impressum<\/strong><\/h1>\n\n\n\n<p>Willkommen auf der Website der LND Energy GmbH (nachfolgend \u201eWebsite\u201c genannt). Der Schutz Ihrer pers\u00f6nlichen Daten ist uns ein wichtiges Anliegen. Diese Datenschutzerkl\u00e4rung informiert dar\u00fcber, wie personenbezogene Daten beim Besuch und bei der Nutzung dieser Website erhoben, verarbeitet, gespeichert und gesch\u00fctzt werden sowie welche Rechte Ihnen gem\u00e4\u00df der Datenschutz-Grundverordnung (DSGVO) zustehen. Mit der Nutzung dieser Website erkl\u00e4ren Sie sich mit den nachstehenden Bedingungen einverstanden.<\/p>\n\n\n<style>.wp-block-kadence-advancedheading.kt-adv-heading3_bfa88c-e4, .wp-block-kadence-advancedheading.kt-adv-heading3_bfa88c-e4[data-kb-block=\"kb-adv-heading3_bfa88c-e4\"]{font-size:20px;font-style:normal;}.wp-block-kadence-advancedheading.kt-adv-heading3_bfa88c-e4 mark.kt-highlight, .wp-block-kadence-advancedheading.kt-adv-heading3_bfa88c-e4[data-kb-block=\"kb-adv-heading3_bfa88c-e4\"] mark.kt-highlight{font-style:normal;color:#f76a0c;-webkit-box-decoration-break:clone;box-decoration-break:clone;padding-top:0px;padding-right:0px;padding-bottom:0px;padding-left:0px;}.wp-block-kadence-advancedheading.kt-adv-heading3_bfa88c-e4 img.kb-inline-image, .wp-block-kadence-advancedheading.kt-adv-heading3_bfa88c-e4[data-kb-block=\"kb-adv-heading3_bfa88c-e4\"] img.kb-inline-image{width:150px;vertical-align:baseline;}<\/style>\n<h2 class=\"kt-adv-heading3_bfa88c-e4 wp-block-kadence-advancedheading\" data-kb-block=\"kb-adv-heading3_bfa88c-e4\">1. Geltungsbereich<\/h2>\n\n\n\n<p>Diese Datenschutzerkl\u00e4rung gilt f\u00fcr alle personenbezogenen Daten, die \u00fcber diese Website erhoben werden \u2013 einschlie\u00dflich, aber nicht beschr\u00e4nkt auf Webseiten, interaktive Funktionen und Online-Formulare. Sie gilt nicht f\u00fcr Dienste, die \u00fcber externe Plattformen oder Drittanbieter erbracht werden (sofern nicht ausdr\u00fccklich anders angegeben).<\/p>\n\n\n<style>.wp-block-kadence-advancedheading.kt-adv-heading3_015655-f6, .wp-block-kadence-advancedheading.kt-adv-heading3_015655-f6[data-kb-block=\"kb-adv-heading3_015655-f6\"]{font-size:20px;font-style:normal;}.wp-block-kadence-advancedheading.kt-adv-heading3_015655-f6 mark.kt-highlight, .wp-block-kadence-advancedheading.kt-adv-heading3_015655-f6[data-kb-block=\"kb-adv-heading3_015655-f6\"] mark.kt-highlight{font-style:normal;color:#f76a0c;-webkit-box-decoration-break:clone;box-decoration-break:clone;padding-top:0px;padding-right:0px;padding-bottom:0px;padding-left:0px;}.wp-block-kadence-advancedheading.kt-adv-heading3_015655-f6 img.kb-inline-image, .wp-block-kadence-advancedheading.kt-adv-heading3_015655-f6[data-kb-block=\"kb-adv-heading3_015655-f6\"] img.kb-inline-image{width:150px;vertical-align:baseline;}<\/style>\n<h2 class=\"kt-adv-heading3_015655-f6 wp-block-kadence-advancedheading\" data-kb-block=\"kb-adv-heading3_015655-f6\">2. Erhebung und Verwendung personenbezogener Daten<\/h2>\n\n\n\n<p><strong>Von Ihnen bereitgestellte Informationen<br><\/strong>Personenbezogene Daten werden erhoben, wenn Sie diese freiwillig \u00fcbermitteln, insbesondere bei:<\/p>\n\n\n\n<ul class=\"wp-block-list\">\n<li>Anfragen \u00fcber Kontakt- oder Anfrageformulare (z. B. Produktanfragen, technische Beratung, Kooperationsanfragen): Name, Telefonnummer, E-Mail-Adresse, Firmenname, Standort und Anfrageinhalt;<\/li>\n\n\n\n<li>Registrierung oder Abonnement von Diensten: Benutzername, Passwort, Kontaktdaten;<\/li>\n\n\n\n<li>Teilnahme an Online-Umfragen oder Aktionen: Brancheninformationen, Interessen, Pr\u00e4ferenzen.<\/li>\n<\/ul>\n\n\n\n<p>Diese Daten werden ausschlie\u00dflich verwendet, um Ihre Anfragen zu bearbeiten, Informationen bereitzustellen und unsere Dienstleistungen zu optimieren.<\/p>\n\n\n\n<p><strong>Automatisch erhobene Informationen<\/strong><br>Beim Zugriff auf diese Website k\u00f6nnen durch Cookies, Logfiles oder \u00e4hnliche Technologien automatisch Daten erfasst werden, z. B.:<\/p>\n\n\n\n<ul class=\"wp-block-list\">\n<li>Ger\u00e4teinformationen (Ger\u00e4temodell, Betriebssystem, Browsertyp, IP-Adresse);<\/li>\n\n\n\n<li>Nutzungsdaten (Zugriffszeit, besuchte Seiten, Verweildauer, Klickverhalten).<\/li>\n<\/ul>\n\n\n\n<p>Diese Informationen dienen der Analyse und Verbesserung der Website und sind in der Regel nicht direkt personenbezogen.<\/p>\n\n\n<style>.wp-block-kadence-advancedheading.kt-adv-heading3_44681f-db, .wp-block-kadence-advancedheading.kt-adv-heading3_44681f-db[data-kb-block=\"kb-adv-heading3_44681f-db\"]{font-size:20px;font-style:normal;}.wp-block-kadence-advancedheading.kt-adv-heading3_44681f-db mark.kt-highlight, .wp-block-kadence-advancedheading.kt-adv-heading3_44681f-db[data-kb-block=\"kb-adv-heading3_44681f-db\"] mark.kt-highlight{font-style:normal;color:#f76a0c;-webkit-box-decoration-break:clone;box-decoration-break:clone;padding-top:0px;padding-right:0px;padding-bottom:0px;padding-left:0px;}.wp-block-kadence-advancedheading.kt-adv-heading3_44681f-db img.kb-inline-image, .wp-block-kadence-advancedheading.kt-adv-heading3_44681f-db[data-kb-block=\"kb-adv-heading3_44681f-db\"] img.kb-inline-image{width:150px;vertical-align:baseline;}<\/style>\n<h2 class=\"kt-adv-heading3_44681f-db wp-block-kadence-advancedheading\" data-kb-block=\"kb-adv-heading3_44681f-db\">3. Speicherung und Schutz personenbezogener Daten<\/h2>\n\n\n\n<p><strong>Speicherung und Aufbewahrungsdauer:<\/strong><\/p>\n\n\n\n<p>Personenbezogene Daten werden auf sicheren Servern der LND Energy GmbH oder beauftragter Dienstleister gespeichert. Die Aufbewahrungsdauer richtet sich nach dem Zweck der Datenverarbeitung und den gesetzlichen Vorgaben. Nach Ablauf der Frist werden die Daten gel\u00f6scht oder anonymisiert.<\/p>\n\n\n\n<p><strong>Datensicherheit:<\/strong><\/p>\n\n\n\n<p>Es werden technische und organisatorische Ma\u00dfnahmen nach dem Stand der Technik getroffen (z. B. Verschl\u00fcsselung, Zugriffskontrollen, Sicherheitsprotokolle), um Daten vor unbefugtem Zugriff, Verlust oder Missbrauch zu sch\u00fctzen. Es wird jedoch darauf hingewiesen, dass eine Daten\u00fcbertragung \u00fcber das Internet grunds\u00e4tzlich Sicherheitsrisiken birgt.<\/p>\n\n\n<style>.wp-block-kadence-advancedheading.kt-adv-heading3_11d8b5-af, .wp-block-kadence-advancedheading.kt-adv-heading3_11d8b5-af[data-kb-block=\"kb-adv-heading3_11d8b5-af\"]{font-size:20px;font-style:normal;}.wp-block-kadence-advancedheading.kt-adv-heading3_11d8b5-af mark.kt-highlight, .wp-block-kadence-advancedheading.kt-adv-heading3_11d8b5-af[data-kb-block=\"kb-adv-heading3_11d8b5-af\"] mark.kt-highlight{font-style:normal;color:#f76a0c;-webkit-box-decoration-break:clone;box-decoration-break:clone;padding-top:0px;padding-right:0px;padding-bottom:0px;padding-left:0px;}.wp-block-kadence-advancedheading.kt-adv-heading3_11d8b5-af img.kb-inline-image, .wp-block-kadence-advancedheading.kt-adv-heading3_11d8b5-af[data-kb-block=\"kb-adv-heading3_11d8b5-af\"] img.kb-inline-image{width:150px;vertical-align:baseline;}<\/style>\n<h2 class=\"kt-adv-heading3_11d8b5-af wp-block-kadence-advancedheading\" data-kb-block=\"kb-adv-heading3_11d8b5-af\">4. Weitergabe von Daten an Dritte<\/h2>\n\n\n\n<p>Eine Weitergabe personenbezogener Daten an Dritte erfolgt nicht, au\u00dfer:<\/p>\n\n\n\n<ul class=\"wp-block-list\">\n<li>Mit Ihrer ausdr\u00fccklichen Zustimmung;<\/li>\n\n\n\n<li>Wenn dies zur Erbringung angeforderter Dienstleistungen erforderlich ist (z. B. Weitergabe an Logistikpartner zur Lieferung von Unterlagen);<\/li>\n\n\n\n<li>Wenn gesetzliche Verpflichtungen oder beh\u00f6rdliche Anordnungen bestehen;<\/li>\n\n\n\n<li>Wenn dies zum Schutz berechtigter Interessen des Unternehmens, der Nutzer oder der \u00d6ffentlichkeit erforderlich ist (z. B. Betrugs- oder Sicherheitspr\u00e4vention).<\/li>\n<\/ul>\n\n\n\n<p>In allen F\u00e4llen wird sichergestellt, dass Empf\u00e4nger geeignete Datenschutzma\u00dfnahmen anwenden.<\/p>\n\n\n<style>.wp-block-kadence-advancedheading.kt-adv-heading3_c8595c-b4, .wp-block-kadence-advancedheading.kt-adv-heading3_c8595c-b4[data-kb-block=\"kb-adv-heading3_c8595c-b4\"]{font-size:20px;font-style:normal;}.wp-block-kadence-advancedheading.kt-adv-heading3_c8595c-b4 mark.kt-highlight, .wp-block-kadence-advancedheading.kt-adv-heading3_c8595c-b4[data-kb-block=\"kb-adv-heading3_c8595c-b4\"] mark.kt-highlight{font-style:normal;color:#f76a0c;-webkit-box-decoration-break:clone;box-decoration-break:clone;padding-top:0px;padding-right:0px;padding-bottom:0px;padding-left:0px;}.wp-block-kadence-advancedheading.kt-adv-heading3_c8595c-b4 img.kb-inline-image, .wp-block-kadence-advancedheading.kt-adv-heading3_c8595c-b4[data-kb-block=\"kb-adv-heading3_c8595c-b4\"] img.kb-inline-image{width:150px;vertical-align:baseline;}<\/style>\n<h2 class=\"kt-adv-heading3_c8595c-b4 wp-block-kadence-advancedheading\" data-kb-block=\"kb-adv-heading3_c8595c-b4\">5. Ihre Rechte<\/h2>\n\n\n\n<p>Sie haben nach der DSGVO folgende Rechte:<\/p>\n\n\n\n<ul class=\"wp-block-list\">\n<li><strong>Auskunft:<\/strong> Einsicht in die \u00fcber Sie gespeicherten Daten;<\/li>\n\n\n\n<li><strong>Berichtigung:<\/strong> Korrektur unrichtiger oder unvollst\u00e4ndiger Daten;<\/li>\n\n\n\n<li><strong>L\u00f6schung:<\/strong> L\u00f6schung nicht mehr erforderlicher oder unrechtm\u00e4\u00dfig verarbeiteter Daten;<\/li>\n\n\n\n<li><strong>Widerruf: <\/strong>Widerruf einer erteilten Einwilligung (dies kann bestimmte Dienste einschr\u00e4nken).<\/li>\n<\/ul>\n\n\n\n<p>Zur Aus\u00fcbung dieser Rechte wenden Sie sich bitte an die unten angegebene Kontaktadresse.<br>Anfragen werden in der Regel innerhalb von 15 Arbeitstagen beantwortet.<\/p>\n\n\n<style>.wp-block-kadence-advancedheading.kt-adv-heading3_e50d10-c4, .wp-block-kadence-advancedheading.kt-adv-heading3_e50d10-c4[data-kb-block=\"kb-adv-heading3_e50d10-c4\"]{font-size:20px;font-style:normal;}.wp-block-kadence-advancedheading.kt-adv-heading3_e50d10-c4 mark.kt-highlight, .wp-block-kadence-advancedheading.kt-adv-heading3_e50d10-c4[data-kb-block=\"kb-adv-heading3_e50d10-c4\"] mark.kt-highlight{font-style:normal;color:#f76a0c;-webkit-box-decoration-break:clone;box-decoration-break:clone;padding-top:0px;padding-right:0px;padding-bottom:0px;padding-left:0px;}.wp-block-kadence-advancedheading.kt-adv-heading3_e50d10-c4 img.kb-inline-image, .wp-block-kadence-advancedheading.kt-adv-heading3_e50d10-c4[data-kb-block=\"kb-adv-heading3_e50d10-c4\"] img.kb-inline-image{width:150px;vertical-align:baseline;}<\/style>\n<h2 class=\"kt-adv-heading3_e50d10-c4 wp-block-kadence-advancedheading\" data-kb-block=\"kb-adv-heading3_e50d10-c4\">6. Links zu externen Websites<\/h2>\n\n\n\n<p>Diese Website kann Links zu externen Websites enthalten (z. B. Branchenportale oder Partnerunternehmen). F\u00fcr deren Inhalte und Datenschutzpraktiken ist ausschlie\u00dflich der jeweilige Betreiber verantwortlich. Es wird empfohlen, die Datenschutzerkl\u00e4rungen der Drittanbieter sorgf\u00e4ltig zu lesen.<\/p>\n\n\n<style>.wp-block-kadence-advancedheading.kt-adv-heading3_4246ab-fe, .wp-block-kadence-advancedheading.kt-adv-heading3_4246ab-fe[data-kb-block=\"kb-adv-heading3_4246ab-fe\"]{font-size:20px;font-style:normal;}.wp-block-kadence-advancedheading.kt-adv-heading3_4246ab-fe mark.kt-highlight, .wp-block-kadence-advancedheading.kt-adv-heading3_4246ab-fe[data-kb-block=\"kb-adv-heading3_4246ab-fe\"] mark.kt-highlight{font-style:normal;color:#f76a0c;-webkit-box-decoration-break:clone;box-decoration-break:clone;padding-top:0px;padding-right:0px;padding-bottom:0px;padding-left:0px;}.wp-block-kadence-advancedheading.kt-adv-heading3_4246ab-fe img.kb-inline-image, .wp-block-kadence-advancedheading.kt-adv-heading3_4246ab-fe[data-kb-block=\"kb-adv-heading3_4246ab-fe\"] img.kb-inline-image{width:150px;vertical-align:baseline;}<\/style>\n<h2 class=\"kt-adv-heading3_4246ab-fe wp-block-kadence-advancedheading\" data-kb-block=\"kb-adv-heading3_4246ab-fe\">7. Schutz von Minderj\u00e4hrigen<\/h2>\n\n\n\n<p>Diese Website richtet sich in erster Linie an Unternehmen und erwachsene Nutzer. Sollten Minderj\u00e4hrige mit Zustimmung ihrer Erziehungsberechtigten diese Website nutzen, liegt die Verantwortung f\u00fcr die \u00dcbermittlung personenbezogener Daten bei den Erziehungsberechtigten. Werden unrechtm\u00e4\u00dfig Daten Minderj\u00e4hriger festgestellt, werden diese umgehend gel\u00f6scht.<\/p>\n\n\n<style>.wp-block-kadence-advancedheading.kt-adv-heading3_68dd89-6a, .wp-block-kadence-advancedheading.kt-adv-heading3_68dd89-6a[data-kb-block=\"kb-adv-heading3_68dd89-6a\"]{font-size:20px;font-style:normal;}.wp-block-kadence-advancedheading.kt-adv-heading3_68dd89-6a mark.kt-highlight, .wp-block-kadence-advancedheading.kt-adv-heading3_68dd89-6a[data-kb-block=\"kb-adv-heading3_68dd89-6a\"] mark.kt-highlight{font-style:normal;color:#f76a0c;-webkit-box-decoration-break:clone;box-decoration-break:clone;padding-top:0px;padding-right:0px;padding-bottom:0px;padding-left:0px;}.wp-block-kadence-advancedheading.kt-adv-heading3_68dd89-6a img.kb-inline-image, .wp-block-kadence-advancedheading.kt-adv-heading3_68dd89-6a[data-kb-block=\"kb-adv-heading3_68dd89-6a\"] img.kb-inline-image{width:150px;vertical-align:baseline;}<\/style>\n<h2 class=\"kt-adv-heading3_68dd89-6a wp-block-kadence-advancedheading\" data-kb-block=\"kb-adv-heading3_68dd89-6a\">8. Aktualisierung dieser Datenschutzerkl\u00e4rung<\/h2>\n\n\n\n<p>Diese Datenschutzerkl\u00e4rung kann aufgrund rechtlicher, technischer oder organisatorischer \u00c4nderungen aktualisiert werden. Die jeweils aktuelle Version wird auf dieser Website ver\u00f6ffentlicht und mit einem Aktualisierungsdatum versehen. Die weitere Nutzung der Website gilt als Zustimmung zur jeweils g\u00fcltigen Fassung.<\/p>\n\n\n<style>.wp-block-kadence-advancedheading.kt-adv-heading3_df9ac9-48, .wp-block-kadence-advancedheading.kt-adv-heading3_df9ac9-48[data-kb-block=\"kb-adv-heading3_df9ac9-48\"]{font-size:20px;font-style:normal;}.wp-block-kadence-advancedheading.kt-adv-heading3_df9ac9-48 mark.kt-highlight, .wp-block-kadence-advancedheading.kt-adv-heading3_df9ac9-48[data-kb-block=\"kb-adv-heading3_df9ac9-48\"] mark.kt-highlight{font-style:normal;color:#f76a0c;-webkit-box-decoration-break:clone;box-decoration-break:clone;padding-top:0px;padding-right:0px;padding-bottom:0px;padding-left:0px;}.wp-block-kadence-advancedheading.kt-adv-heading3_df9ac9-48 img.kb-inline-image, .wp-block-kadence-advancedheading.kt-adv-heading3_df9ac9-48[data-kb-block=\"kb-adv-heading3_df9ac9-48\"] img.kb-inline-image{width:150px;vertical-align:baseline;}<\/style>\n<h2 class=\"kt-adv-heading3_df9ac9-48 wp-block-kadence-advancedheading\" data-kb-block=\"kb-adv-heading3_df9ac9-48\">9. Kontakt<\/h2>\n\n\n\n<p>Bei Fragen, Hinweisen oder Beschwerden zum Datenschutz wenden Sie sich bitte an:<\/p>\n\n\n\n<p><strong>LND Energy GmbH<br><\/strong>Liebigstra\u00dfe 5, 85757 Karlsfeld, Deutschland<br>Tel.: +49 (0)8131 6149236<br>E-Mail: info@lindemann-regner.de<\/p>\n\n\n\n<p class=\"has-text-align-right\">LND Energy GmbH<br>20. Oktober 2025<\/p>\n<\/div><\/div>\n\n<\/div><\/div>","protected":false},"excerpt":{"rendered":"<p>Datenschutzerkl\u00e4rung &amp; Impressum Willkommen auf der Website der LND Energy GmbH (nachfolgend \u201eWebsite\u201c genannt). Der Schutz Ihrer pers\u00f6nlichen Daten ist uns ein wichtiges Anliegen. Diese Datenschutzerkl\u00e4rung informiert dar\u00fcber, wie personenbezogene Daten beim Besuch und bei der Nutzung dieser Website erhoben, verarbeitet, gespeichert und gesch\u00fctzt werden sowie welche Rechte Ihnen gem\u00e4\u00df der Datenschutz-Grundverordnung (DSGVO) zustehen. Mit&#8230;<\/p>","protected":false},"author":1,"featured_media":0,"parent":0,"menu_order":0,"comment_status":"closed","ping_status":"open","template":"","meta":{"_acf_changed":false,"_kad_blocks_custom_css":"","_kad_blocks_head_custom_js":"","_kad_blocks_body_custom_js":"","_kad_blocks_footer_custom_js":"","_kad_post_transparent":"","_kad_post_title":"","_kad_post_layout":"","_kad_post_sidebar_id":"","_kad_post_content_style":"","_kad_post_vertical_padding":"","_kad_post_feature":"","_kad_post_feature_position":"","_kad_post_header":false,"_kad_post_footer":false,"_kad_post_classname":"","footnotes":""},"class_list":["post-3","page","type-page","status-publish","hentry"],"acf":[],"taxonomy_info":[],"featured_image_src_large":false,"author_info":{"display_name":"yiyunyingalex","author_link":"https:\/\/lindemann-regner.de\/zh\/author\/yiyunyingalex\/"},"comment_info":0,"_links":{"self":[{"href":"https:\/\/lindemann-regner.de\/zh\/wp-json\/wp\/v2\/pages\/3","targetHints":{"allow":["GET"]}}],"collection":[{"href":"https:\/\/lindemann-regner.de\/zh\/wp-json\/wp\/v2\/pages"}],"about":[{"href":"https:\/\/lindemann-regner.de\/zh\/wp-json\/wp\/v2\/types\/page"}],"author":[{"embeddable":true,"href":"https:\/\/lindemann-regner.de\/zh\/wp-json\/wp\/v2\/users\/1"}],"replies":[{"embeddable":true,"href":"https:\/\/lindemann-regner.de\/zh\/wp-json\/wp\/v2\/comments?post=3"}],"version-history":[{"count":8,"href":"https:\/\/lindemann-regner.de\/zh\/wp-json\/wp\/v2\/pages\/3\/revisions"}],"predecessor-version":[{"id":2699,"href":"https:\/\/lindemann-regner.de\/zh\/wp-json\/wp\/v2\/pages\/3\/revisions\/2699"}],"wp:attachment":[{"href":"https:\/\/lindemann-regner.de\/zh\/wp-json\/wp\/v2\/media?parent=3"}],"curies":[{"name":"wp","href":"https:\/\/api.w.org\/{rel}","templated":true}]}}