{"id":621,"date":"2025-10-20T06:15:56","date_gmt":"2025-10-20T06:15:56","guid":{"rendered":"https:\/\/sst.ezseo.cn\/?page_id=621"},"modified":"2026-03-04T07:58:41","modified_gmt":"2026-03-04T07:58:41","slug":"rechtliche-hinweise-der-website-lmpressum","status":"publish","type":"page","link":"https:\/\/lindemann-regner.de\/en\/rechtliche-hinweise-der-website-lmpressum\/","title":{"rendered":"Legal Notice"},"content":{"rendered":"<style>.kb-row-layout-id621_586a3b-de > .kt-row-column-wrap{align-content:start;}:where(.kb-row-layout-id621_586a3b-de > .kt-row-column-wrap) > .wp-block-kadence-column{justify-content:start;}.kb-row-layout-id621_586a3b-de > .kt-row-column-wrap{column-gap:var(--global-kb-gap-md, 2rem);row-gap:var(--global-kb-gap-md, 2rem);max-width:1100px;margin-left:auto;margin-right:auto;padding-top:var(--global-kb-spacing-sm, 1.5rem);padding-bottom:var(--global-kb-spacing-sm, 1.5rem);grid-template-columns:minmax(0, 1fr);}.kb-row-layout-id621_586a3b-de > .kt-row-layout-overlay{opacity:0.30;}@media all and (max-width: 1024px){.kb-row-layout-id621_586a3b-de > .kt-row-column-wrap{grid-template-columns:minmax(0, 1fr);}}@media all and (max-width: 767px){.kb-row-layout-id621_586a3b-de > .kt-row-column-wrap{padding-right:var(--global-kb-spacing-xs, 1rem);padding-left:var(--global-kb-spacing-xs, 1rem);grid-template-columns:minmax(0, 1fr);}}<\/style><div class=\"kb-row-layout-wrap kb-row-layout-id621_586a3b-de alignnone wp-block-kadence-rowlayout\"><div class=\"kt-row-column-wrap kt-has-1-columns kt-row-layout-equal kt-tab-layout-inherit kt-mobile-layout-row kt-row-valign-top\">\n<style>.kadence-column621_89ac72-d0 > .kt-inside-inner-col,.kadence-column621_89ac72-d0 > .kt-inside-inner-col:before{border-top-left-radius:0px;border-top-right-radius:0px;border-bottom-right-radius:0px;border-bottom-left-radius:0px;}.kadence-column621_89ac72-d0 > .kt-inside-inner-col{column-gap:var(--global-kb-gap-sm, 1rem);}.kadence-column621_89ac72-d0 > .kt-inside-inner-col{flex-direction:column;}.kadence-column621_89ac72-d0 > .kt-inside-inner-col > .aligncenter{width:100%;}.kadence-column621_89ac72-d0 > .kt-inside-inner-col:before{opacity:0.3;}.kadence-column621_89ac72-d0{position:relative;}@media all and (max-width: 1024px){.kadence-column621_89ac72-d0 > .kt-inside-inner-col{flex-direction:column;justify-content:center;}}@media all and (max-width: 767px){.kadence-column621_89ac72-d0 > .kt-inside-inner-col{flex-direction:column;justify-content:center;}}<\/style>\n<div class=\"wp-block-kadence-column kadence-column621_89ac72-d0\"><div class=\"kt-inside-inner-col\"><style>.wp-block-kadence-advancedheading.kt-adv-heading621_182bef-0c, .wp-block-kadence-advancedheading.kt-adv-heading621_182bef-0c[data-kb-block=\"kb-adv-heading621_182bef-0c\"]{font-style:normal;}.wp-block-kadence-advancedheading.kt-adv-heading621_182bef-0c mark.kt-highlight, .wp-block-kadence-advancedheading.kt-adv-heading621_182bef-0c[data-kb-block=\"kb-adv-heading621_182bef-0c\"] mark.kt-highlight{font-style:normal;color:#f76a0c;-webkit-box-decoration-break:clone;box-decoration-break:clone;padding-top:0px;padding-right:0px;padding-bottom:0px;padding-left:0px;}.wp-block-kadence-advancedheading.kt-adv-heading621_182bef-0c img.kb-inline-image, .wp-block-kadence-advancedheading.kt-adv-heading621_182bef-0c[data-kb-block=\"kb-adv-heading621_182bef-0c\"] img.kb-inline-image{width:150px;vertical-align:baseline;}<\/style>\n<h1 class=\"kt-adv-heading621_182bef-0c wp-block-kadence-advancedheading\" data-kb-block=\"kb-adv-heading621_182bef-0c\">Rechtliche Hinweise &amp; Impressum<\/h1>\n\n\n<style>.wp-block-kadence-advancedheading.kt-adv-heading621_204552-1f, .wp-block-kadence-advancedheading.kt-adv-heading621_204552-1f[data-kb-block=\"kb-adv-heading621_204552-1f\"]{font-size:20px;font-style:normal;}.wp-block-kadence-advancedheading.kt-adv-heading621_204552-1f mark.kt-highlight, .wp-block-kadence-advancedheading.kt-adv-heading621_204552-1f[data-kb-block=\"kb-adv-heading621_204552-1f\"] mark.kt-highlight{font-style:normal;color:#f76a0c;-webkit-box-decoration-break:clone;box-decoration-break:clone;padding-top:0px;padding-right:0px;padding-bottom:0px;padding-left:0px;}.wp-block-kadence-advancedheading.kt-adv-heading621_204552-1f img.kb-inline-image, .wp-block-kadence-advancedheading.kt-adv-heading621_204552-1f[data-kb-block=\"kb-adv-heading621_204552-1f\"] img.kb-inline-image{width:150px;vertical-align:baseline;}<\/style>\n<h2 class=\"kt-adv-heading621_204552-1f wp-block-kadence-advancedheading\" data-kb-block=\"kb-adv-heading621_204552-1f\"><strong>1. Website-Betreiber<\/strong><\/h2>\n\n\n\n<p>Unternehmensname und Rechtsform: LND Energy GmbH<br>Gesch\u00e4ftsadresse: Liebig Str. 5, 85757 Karlsfeld, Germany<br>Telefon: +49 8131 6149236<br>E-Mail: info@lindemann-regner.de<br>Web: www.lindemann-regner.com<\/p>\n\n\n<style>.wp-block-kadence-advancedheading.kt-adv-heading621_68e9d0-61, .wp-block-kadence-advancedheading.kt-adv-heading621_68e9d0-61[data-kb-block=\"kb-adv-heading621_68e9d0-61\"]{font-size:20px;font-style:normal;}.wp-block-kadence-advancedheading.kt-adv-heading621_68e9d0-61 mark.kt-highlight, .wp-block-kadence-advancedheading.kt-adv-heading621_68e9d0-61[data-kb-block=\"kb-adv-heading621_68e9d0-61\"] mark.kt-highlight{font-style:normal;color:#f76a0c;-webkit-box-decoration-break:clone;box-decoration-break:clone;padding-top:0px;padding-right:0px;padding-bottom:0px;padding-left:0px;}.wp-block-kadence-advancedheading.kt-adv-heading621_68e9d0-61 img.kb-inline-image, .wp-block-kadence-advancedheading.kt-adv-heading621_68e9d0-61[data-kb-block=\"kb-adv-heading621_68e9d0-61\"] img.kb-inline-image{width:150px;vertical-align:baseline;}<\/style>\n<h2 class=\"kt-adv-heading621_68e9d0-61 wp-block-kadence-advancedheading\" data-kb-block=\"kb-adv-heading621_68e9d0-61\"><strong>2. Vertretungsberechtigter<\/strong><\/h2>\n\n\n\n<p>Gesetzlich vertretungsberechtigte Person: Lingfeng Jiang<br>Funktion:Gesch\u00e4ftsf\u00fchrer<\/p>\n\n\n<style>.wp-block-kadence-advancedheading.kt-adv-heading621_7dabc5-5a, .wp-block-kadence-advancedheading.kt-adv-heading621_7dabc5-5a[data-kb-block=\"kb-adv-heading621_7dabc5-5a\"]{font-size:20px;font-style:normal;}.wp-block-kadence-advancedheading.kt-adv-heading621_7dabc5-5a mark.kt-highlight, .wp-block-kadence-advancedheading.kt-adv-heading621_7dabc5-5a[data-kb-block=\"kb-adv-heading621_7dabc5-5a\"] mark.kt-highlight{font-style:normal;color:#f76a0c;-webkit-box-decoration-break:clone;box-decoration-break:clone;padding-top:0px;padding-right:0px;padding-bottom:0px;padding-left:0px;}.wp-block-kadence-advancedheading.kt-adv-heading621_7dabc5-5a img.kb-inline-image, .wp-block-kadence-advancedheading.kt-adv-heading621_7dabc5-5a[data-kb-block=\"kb-adv-heading621_7dabc5-5a\"] img.kb-inline-image{width:150px;vertical-align:baseline;}<\/style>\n<h2 class=\"kt-adv-heading621_7dabc5-5a wp-block-kadence-advancedheading\" data-kb-block=\"kb-adv-heading621_7dabc5-5a\">3. Unternehmensinformationen<\/h2>\n\n\n\n<p><em>Sitz der Gesellschaft: Karlsfeld<br>Registergericht: HRB 281263<br>USt-IdNr.: DE360166022<\/em><\/p>\n\n\n<style>.wp-block-kadence-advancedheading.kt-adv-heading621_672e47-52, .wp-block-kadence-advancedheading.kt-adv-heading621_672e47-52[data-kb-block=\"kb-adv-heading621_672e47-52\"]{font-size:20px;font-style:normal;}.wp-block-kadence-advancedheading.kt-adv-heading621_672e47-52 mark.kt-highlight, .wp-block-kadence-advancedheading.kt-adv-heading621_672e47-52[data-kb-block=\"kb-adv-heading621_672e47-52\"] mark.kt-highlight{font-style:normal;color:#f76a0c;-webkit-box-decoration-break:clone;box-decoration-break:clone;padding-top:0px;padding-right:0px;padding-bottom:0px;padding-left:0px;}.wp-block-kadence-advancedheading.kt-adv-heading621_672e47-52 img.kb-inline-image, .wp-block-kadence-advancedheading.kt-adv-heading621_672e47-52[data-kb-block=\"kb-adv-heading621_672e47-52\"] img.kb-inline-image{width:150px;vertical-align:baseline;}<\/style>\n<h2 class=\"kt-adv-heading621_672e47-52 wp-block-kadence-advancedheading\" data-kb-block=\"kb-adv-heading621_672e47-52\">4. Haftungsausschluss<\/h2>\n\n\n\n<ol class=\"wp-block-list\">\n<li>Die auf dieser Website bereitgestellten Produktinformationen, technischen Parameter, L\u00f6sungen und sonstigen Inhalte wurden mit gr\u00f6\u00dftm\u00f6glicher Sorgfalt erstellt. Eine Gew\u00e4hr f\u00fcr die Aktualit\u00e4t, Richtigkeit und Vollst\u00e4ndigkeit der Informationen wird jedoch nicht \u00fcbernommen.<\/li>\n\n\n\n<li>Produktabbildungen und technische Daten auf dieser Website dienen ausschlie\u00dflich der allgemeinen Veranschaulichung. Verbindlich sind ausschlie\u00dflich die vertraglich vereinbarten Spezifikationen und die tats\u00e4chlich gelieferten Produkte.<\/li>\n\n\n\n<li>F\u00fcr Inhalte externer Websites, auf die \u00fcber Hyperlinks verwiesen wird (z. B. Websites von Branchenverb\u00e4nden oder Partnerunternehmen), \u00fcbernimmt der Betreiber keine Verantwortung. F\u00fcr den Inhalt der verlinkten Seiten sind ausschlie\u00dflich deren Betreiber verantwortlich. Nutzern wird empfohlen, sich \u00fcber die jeweiligen Informationen und rechtlichen Bestimmungen Dritter eigenst\u00e4ndig zu informieren.<\/li>\n\n\n\n<li>Der Betreiber haftet nicht f\u00fcr direkte oder indirekte Sch\u00e4den, die durch die Nutzung oder das Vertrauen auf Inhalte dieser Website entstehen, sofern diese nicht auf vors\u00e4tzlichem oder grob fahrl\u00e4ssigem Verhalten des Betreibers beruhen.<\/li>\n<\/ol>\n<\/div><\/div>\n\n<\/div><\/div>","protected":false},"excerpt":{"rendered":"<p>Rechtliche Hinweise &amp; Impressum 1. Website-Betreiber Unternehmensname und Rechtsform: LND Energy GmbHGesch\u00e4ftsadresse: Liebig Str. 5, 85757 Karlsfeld, GermanyTelefon: +49 8131 6149236E-Mail: info@lindemann-regner.deWeb: www.lindemann-regner.com 2. Vertretungsberechtigter Gesetzlich vertretungsberechtigte Person: Lingfeng JiangFunktion:Gesch\u00e4ftsf\u00fchrer 3. Unternehmensinformationen Sitz der Gesellschaft: KarlsfeldRegistergericht: HRB 281263USt-IdNr.: DE360166022 4. Haftungsausschluss<\/p>","protected":false},"author":1,"featured_media":0,"parent":0,"menu_order":0,"comment_status":"closed","ping_status":"closed","template":"","meta":{"_acf_changed":false,"_kad_blocks_custom_css":"","_kad_blocks_head_custom_js":"","_kad_blocks_body_custom_js":"","_kad_blocks_footer_custom_js":"","_kad_post_transparent":"","_kad_post_title":"","_kad_post_layout":"","_kad_post_sidebar_id":"","_kad_post_content_style":"","_kad_post_vertical_padding":"","_kad_post_feature":"","_kad_post_feature_position":"","_kad_post_header":false,"_kad_post_footer":false,"_kad_post_classname":"","footnotes":""},"class_list":["post-621","page","type-page","status-publish","hentry"],"acf":[],"taxonomy_info":[],"featured_image_src_large":false,"author_info":{"display_name":"yiyunyingalex","author_link":"https:\/\/lindemann-regner.de\/en\/author\/yiyunyingalex\/"},"comment_info":0,"_links":{"self":[{"href":"https:\/\/lindemann-regner.de\/en\/wp-json\/wp\/v2\/pages\/621","targetHints":{"allow":["GET"]}}],"collection":[{"href":"https:\/\/lindemann-regner.de\/en\/wp-json\/wp\/v2\/pages"}],"about":[{"href":"https:\/\/lindemann-regner.de\/en\/wp-json\/wp\/v2\/types\/page"}],"author":[{"embeddable":true,"href":"https:\/\/lindemann-regner.de\/en\/wp-json\/wp\/v2\/users\/1"}],"replies":[{"embeddable":true,"href":"https:\/\/lindemann-regner.de\/en\/wp-json\/wp\/v2\/comments?post=621"}],"version-history":[{"count":9,"href":"https:\/\/lindemann-regner.de\/en\/wp-json\/wp\/v2\/pages\/621\/revisions"}],"predecessor-version":[{"id":3101,"href":"https:\/\/lindemann-regner.de\/en\/wp-json\/wp\/v2\/pages\/621\/revisions\/3101"}],"wp:attachment":[{"href":"https:\/\/lindemann-regner.de\/en\/wp-json\/wp\/v2\/media?parent=621"}],"curies":[{"name":"wp","href":"https:\/\/api.w.org\/{rel}","templated":true}]}}